{"id":811,"date":"2019-07-21T05:46:46","date_gmt":"2019-07-21T05:46:46","guid":{"rendered":"https:\/\/plywajznami.pl\/?page_id=811"},"modified":"2023-01-24T10:54:37","modified_gmt":"2023-01-24T09:54:37","slug":"nauka-plywania-w-bydgoszczy","status":"publish","type":"page","link":"https:\/\/plywajznami.pl\/","title":{"rendered":"Home"},"content":{"rendered":"\t\t<div data-elementor-type=\"wp-post\" data-elementor-id=\"811\" class=\"elementor elementor-811\">\n\t\t\t\t\t\t<section class=\"elementor-section elementor-top-section elementor-element elementor-element-77d9da0 elementor-section-full_width elementor-section-height-default elementor-section-height-default\" data-id=\"77d9da0\" data-element_type=\"section\">\n\t\t\t\t\t\t<div class=\"elementor-container elementor-column-gap-default\">\n\t\t\t\t\t<div class=\"elementor-column elementor-col-100 elementor-top-column elementor-element elementor-element-d3e5d7e\" data-id=\"d3e5d7e\" data-element_type=\"column\">\n\t\t\t<div class=\"elementor-widget-wrap elementor-element-populated\">\n\t\t\t\t\t\t<div class=\"elementor-element elementor-element-a206460 elementor-widget-mobile__width-inherit elementor-widget elementor-widget-power_element_slider\" data-id=\"a206460\" data-element_type=\"widget\" data-widget_type=\"power_element_slider.default\">\n\t\t\t\t<div class=\"elementor-widget-container\">\n\t\t\t\n\t\t\t\t<div class=\"slide_1\">\n\t\t\t\t\t<div class=\"swiper-container\" \n\t\t\t\t\t\tdata-swiper_limit=\"1\"\n\t\t\t\t\t\tdata-swiper_autoplay=\"false\"\n\t\t\t\t\t\tdata-swiper_margin=\"24\"\n\t\t\t\t\t\tdata-swiper_loop=\"false\"\n\t\t\t\t\t\t>\n\t\t\t\t\t\t<div class=\"swiper-wrapper\"> <div class=\"swiper-slide\">\n\t\t\t\t\t\t\t\t\t\t<div class=\"slider_item\"  style=\"background-image:url(https:\/\/plywajznami.pl\/wp-content\/uploads\/2022\/10\/AdobeStock_51972746-scaled.jpeg)\">\n\t\t\t\t\t\t\t\t\t\t\t<div class=\"slider-inner\">\n\t\t\t\t\t\t\t\t\t\t\t\t<div class=\"slider-details\">\n\t\t\t\t\t\t\t\t\t\t\t\t\t<h1 class=\"slider-tag\">Szko\u0142a P\u0142ywania &quot;P\u0142ywaj z Nami&quot;<\/h1>\n\t\t\t\t\t\t\t\t\t\t\t\t\t<h1 class=\"slider-tag\"><span>Nauka i doskonalenie p\u0142ywania<\/span><\/h1>\n\t\t\t\t\t\t\t\t\t\t\t\t\t<h1 class=\"slider-tag\">- Od przedszkola do seniora! -<\/h1>\n\t\t\t\t\t\t\t\t\t\t\t\t\t<h1 class=\"slider-tag\">Baseny, na kt\u00f3rych pracujemy w Bydgoszczy:<\/h1>\n\t\t\t\t\t\t\t\t\t\t\t\t\t<h1 class=\"slider-tag\">&quot;NEPTUN&quot; os. Bartodzieje ul. Swarzewska<\/h1>\n\t\t\t\t\t\t\t\t\t\t\t\t\t<h1 class=\"slider-tag\">&quot;\u0141AB\u0118D\u0179&quot; os. Miedzy\u0144 ul. Pijar\u00f3w<\/h1>\n\t\t\t\t\t\t\t\t\t\t\t\t\t<div class=\"button_group\">\n\t\t\t\t\t\t\t\t\t\t<a  href=\"tel:667049858   \" class=\"button power_slider_button effect_2 fade_black_button\" data-text=\"Zadzwo\u0144: 667 049 858\"><span>Zadzwo\u0144: 667 049 858<\/span><\/a>\n\t\t\t\t\t\t\t\t\t<\/div> <div class=\"button_group\">\n\t\t\t\t\t\t\t\t\t\t<a href=\"tel:609713140\" class=\"button power_slider_button effect_2 fade_black_button\" data-text=\"Zadzwo\u0144: 667 049 858\"><span>Zadzwo\u0144: 609 713 140<\/span><\/a>\n\t\t\t\t\t\t\t\t\t<\/div>\n\t\t\t\t\t\t\t\t\t\t\t\t\t\n\t\t\t\t\t\t\t\t\t\t\t\t<\/div>\n\t\t\t\t\t\t\t\t\t\t\t\n\t\t\t\t\t\t\t\t\t\t\t<\/div>\n\t\t\t\t\t\t\t\t\t\t<\/div>\n\t\t\t\t\t\t\t\t\t<\/div><\/div>\n\t\t\t\t\t\t<\/div>\n\t\t\t\t\t\t\n\t\t\t\t\t<\/div>\t\t<\/div>\n\t\t\t\t<\/div>\n\t\t\t\t\t<\/div>\n\t\t<\/div>\n\t\t\t\t\t<\/div>\n\t\t<\/section>\n\t\t\t\t<\/div>\n\t\t","protected":false},"excerpt":{"rendered":"<p>Szko\u0142a P\u0142ywania &#8222;P\u0142ywaj z Nami&#8221; Nauka i doskonalenie p\u0142ywania &#8211; Od przedszkola do seniora! &#8211; Baseny, na kt\u00f3rych pracujemy w Bydgoszczy: &#8222;NEPTUN&#8221; os. Bartodzieje ul. Swarzewska &#8222;\u0141AB\u0118D\u0179&#8221; os. Miedzy\u0144 ul. Pijar\u00f3w Zadzwo\u0144: 667 049 858 Zadzwo\u0144: 609 713 140<\/p>\n","protected":false},"author":1,"featured_media":0,"parent":0,"menu_order":0,"comment_status":"closed","ping_status":"closed","template":"template\/template-builder.php","meta":[],"yoast_head":"<!-- This site is optimized with the Yoast SEO plugin v20.0 - https:\/\/yoast.com\/wordpress\/plugins\/seo\/ -->\n<title>P\u0142ywaj z Nami - Szko\u0142a P\u0142ywania w Bydgoszczy<\/title>\n<meta name=\"description\" content=\"Nauka p\u0142ywania w Bydgoszczy. Doskonalenie p\u0142ywania dla dzieci i senior\u00f3w. Pracujemy na basenach &quot;Neptun&quot; oraz &quot;\u0141ab\u0119d\u017a&quot;.\" \/>\n<meta name=\"robots\" content=\"index, follow, max-snippet:-1, max-image-preview:large, max-video-preview:-1\" \/>\n<link rel=\"canonical\" href=\"https:\/\/plywajznami.pl\/\" \/>\n<meta property=\"og:locale\" content=\"pl_PL\" \/>\n<meta property=\"og:type\" content=\"article\" \/>\n<meta property=\"og:title\" content=\"P\u0142ywaj z Nami - Szko\u0142a P\u0142ywania w Bydgoszczy\" \/>\n<meta property=\"og:description\" content=\"Nauka p\u0142ywania w Bydgoszczy. Doskonalenie p\u0142ywania dla dzieci i senior\u00f3w. Pracujemy na basenach &quot;Neptun&quot; oraz &quot;\u0141ab\u0119d\u017a&quot;.\" \/>\n<meta property=\"og:url\" content=\"https:\/\/plywajznami.pl\/\" \/>\n<meta property=\"og:site_name\" content=\"P\u0142ywaj z Nami - Szko\u0142a P\u0142ywania w Bydgoszczy\" \/>\n<meta property=\"article:publisher\" content=\"https:\/\/www.facebook.com\/PlywajZNami\/\" \/>\n<meta property=\"article:modified_time\" content=\"2023-01-24T09:54:37+00:00\" \/>\n<meta name=\"twitter:card\" content=\"summary_large_image\" \/>\n<meta name=\"twitter:label1\" content=\"Szacowany czas czytania\" \/>\n\t<meta name=\"twitter:data1\" content=\"1 minuta\" \/>\n<script type=\"application\/ld+json\" class=\"yoast-schema-graph\">{\"@context\":\"https:\/\/schema.org\",\"@graph\":[{\"@type\":\"WebPage\",\"@id\":\"https:\/\/plywajznami.pl\/\",\"url\":\"https:\/\/plywajznami.pl\/\",\"name\":\"P\u0142ywaj z Nami - Szko\u0142a P\u0142ywania w Bydgoszczy\",\"isPartOf\":{\"@id\":\"https:\/\/plywajznami.pl\/#website\"},\"datePublished\":\"2019-07-21T05:46:46+00:00\",\"dateModified\":\"2023-01-24T09:54:37+00:00\",\"description\":\"Nauka p\u0142ywania w Bydgoszczy. Doskonalenie p\u0142ywania dla dzieci i senior\u00f3w. Pracujemy na basenach \\\"Neptun\\\" oraz \\\"\u0141ab\u0119d\u017a\\\".\",\"breadcrumb\":{\"@id\":\"https:\/\/plywajznami.pl\/#breadcrumb\"},\"inLanguage\":\"pl-PL\",\"potentialAction\":[{\"@type\":\"ReadAction\",\"target\":[\"https:\/\/plywajznami.pl\/\"]}]},{\"@type\":\"BreadcrumbList\",\"@id\":\"https:\/\/plywajznami.pl\/#breadcrumb\",\"itemListElement\":[{\"@type\":\"ListItem\",\"position\":1,\"name\":\"Strona g\u0142\u00f3wna\",\"item\":\"https:\/\/plywajznami.pl\/\"},{\"@type\":\"ListItem\",\"position\":2,\"name\":\"Home\"}]},{\"@type\":\"WebSite\",\"@id\":\"https:\/\/plywajznami.pl\/#website\",\"url\":\"https:\/\/plywajznami.pl\/\",\"name\":\"P\u0142ywaj z Nami - Szko\u0142a P\u0142ywania w Bydgoszczy\",\"description\":\"Nauka i doskonalenie p\u0142ywanie od przedszkola do seniora!\",\"publisher\":{\"@id\":\"https:\/\/plywajznami.pl\/#organization\"},\"potentialAction\":[{\"@type\":\"SearchAction\",\"target\":{\"@type\":\"EntryPoint\",\"urlTemplate\":\"https:\/\/plywajznami.pl\/?s={search_term_string}\"},\"query-input\":\"required name=search_term_string\"}],\"inLanguage\":\"pl-PL\"},{\"@type\":\"Organization\",\"@id\":\"https:\/\/plywajznami.pl\/#organization\",\"name\":\"P\u0142ywaj z Nami - Szko\u0142a P\u0142ywania w Bydgoszczy\",\"url\":\"https:\/\/plywajznami.pl\/\",\"logo\":{\"@type\":\"ImageObject\",\"inLanguage\":\"pl-PL\",\"@id\":\"https:\/\/plywajznami.pl\/#\/schema\/logo\/image\/\",\"url\":\"https:\/\/plywajznami.pl\/wp-content\/uploads\/2022\/10\/Obszar-roboczy-1.png\",\"contentUrl\":\"https:\/\/plywajznami.pl\/wp-content\/uploads\/2022\/10\/Obszar-roboczy-1.png\",\"width\":200,\"height\":48,\"caption\":\"P\u0142ywaj z Nami - Szko\u0142a P\u0142ywania w Bydgoszczy\"},\"image\":{\"@id\":\"https:\/\/plywajznami.pl\/#\/schema\/logo\/image\/\"},\"sameAs\":[\"https:\/\/www.facebook.com\/PlywajZNami\/\"]}]}<\/script>\n<!-- \/ Yoast SEO plugin. -->","yoast_head_json":{"title":"P\u0142ywaj z Nami - Szko\u0142a P\u0142ywania w Bydgoszczy","description":"Nauka p\u0142ywania w Bydgoszczy. Doskonalenie p\u0142ywania dla dzieci i senior\u00f3w. Pracujemy na basenach \"Neptun\" oraz \"\u0141ab\u0119d\u017a\".","robots":{"index":"index","follow":"follow","max-snippet":"max-snippet:-1","max-image-preview":"max-image-preview:large","max-video-preview":"max-video-preview:-1"},"canonical":"https:\/\/plywajznami.pl\/","og_locale":"pl_PL","og_type":"article","og_title":"P\u0142ywaj z Nami - Szko\u0142a P\u0142ywania w Bydgoszczy","og_description":"Nauka p\u0142ywania w Bydgoszczy. Doskonalenie p\u0142ywania dla dzieci i senior\u00f3w. Pracujemy na basenach \"Neptun\" oraz \"\u0141ab\u0119d\u017a\".","og_url":"https:\/\/plywajznami.pl\/","og_site_name":"P\u0142ywaj z Nami - Szko\u0142a P\u0142ywania w Bydgoszczy","article_publisher":"https:\/\/www.facebook.com\/PlywajZNami\/","article_modified_time":"2023-01-24T09:54:37+00:00","twitter_card":"summary_large_image","twitter_misc":{"Szacowany czas czytania":"1 minuta"},"schema":{"@context":"https:\/\/schema.org","@graph":[{"@type":"WebPage","@id":"https:\/\/plywajznami.pl\/","url":"https:\/\/plywajznami.pl\/","name":"P\u0142ywaj z Nami - Szko\u0142a P\u0142ywania w Bydgoszczy","isPartOf":{"@id":"https:\/\/plywajznami.pl\/#website"},"datePublished":"2019-07-21T05:46:46+00:00","dateModified":"2023-01-24T09:54:37+00:00","description":"Nauka p\u0142ywania w Bydgoszczy. Doskonalenie p\u0142ywania dla dzieci i senior\u00f3w. Pracujemy na basenach \"Neptun\" oraz \"\u0141ab\u0119d\u017a\".","breadcrumb":{"@id":"https:\/\/plywajznami.pl\/#breadcrumb"},"inLanguage":"pl-PL","potentialAction":[{"@type":"ReadAction","target":["https:\/\/plywajznami.pl\/"]}]},{"@type":"BreadcrumbList","@id":"https:\/\/plywajznami.pl\/#breadcrumb","itemListElement":[{"@type":"ListItem","position":1,"name":"Strona g\u0142\u00f3wna","item":"https:\/\/plywajznami.pl\/"},{"@type":"ListItem","position":2,"name":"Home"}]},{"@type":"WebSite","@id":"https:\/\/plywajznami.pl\/#website","url":"https:\/\/plywajznami.pl\/","name":"P\u0142ywaj z Nami - Szko\u0142a P\u0142ywania w Bydgoszczy","description":"Nauka i doskonalenie p\u0142ywanie od przedszkola do seniora!","publisher":{"@id":"https:\/\/plywajznami.pl\/#organization"},"potentialAction":[{"@type":"SearchAction","target":{"@type":"EntryPoint","urlTemplate":"https:\/\/plywajznami.pl\/?s={search_term_string}"},"query-input":"required name=search_term_string"}],"inLanguage":"pl-PL"},{"@type":"Organization","@id":"https:\/\/plywajznami.pl\/#organization","name":"P\u0142ywaj z Nami - Szko\u0142a P\u0142ywania w Bydgoszczy","url":"https:\/\/plywajznami.pl\/","logo":{"@type":"ImageObject","inLanguage":"pl-PL","@id":"https:\/\/plywajznami.pl\/#\/schema\/logo\/image\/","url":"https:\/\/plywajznami.pl\/wp-content\/uploads\/2022\/10\/Obszar-roboczy-1.png","contentUrl":"https:\/\/plywajznami.pl\/wp-content\/uploads\/2022\/10\/Obszar-roboczy-1.png","width":200,"height":48,"caption":"P\u0142ywaj z Nami - Szko\u0142a P\u0142ywania w Bydgoszczy"},"image":{"@id":"https:\/\/plywajznami.pl\/#\/schema\/logo\/image\/"},"sameAs":["https:\/\/www.facebook.com\/PlywajZNami\/"]}]}},"_links":{"self":[{"href":"https:\/\/plywajznami.pl\/index.php?rest_route=\/wp\/v2\/pages\/811"}],"collection":[{"href":"https:\/\/plywajznami.pl\/index.php?rest_route=\/wp\/v2\/pages"}],"about":[{"href":"https:\/\/plywajznami.pl\/index.php?rest_route=\/wp\/v2\/types\/page"}],"author":[{"embeddable":true,"href":"https:\/\/plywajznami.pl\/index.php?rest_route=\/wp\/v2\/users\/1"}],"replies":[{"embeddable":true,"href":"https:\/\/plywajznami.pl\/index.php?rest_route=%2Fwp%2Fv2%2Fcomments&post=811"}],"version-history":[{"count":68,"href":"https:\/\/plywajznami.pl\/index.php?rest_route=\/wp\/v2\/pages\/811\/revisions"}],"predecessor-version":[{"id":2463,"href":"https:\/\/plywajznami.pl\/index.php?rest_route=\/wp\/v2\/pages\/811\/revisions\/2463"}],"wp:attachment":[{"href":"https:\/\/plywajznami.pl\/index.php?rest_route=%2Fwp%2Fv2%2Fmedia&parent=811"}],"curies":[{"name":"wp","href":"https:\/\/api.w.org\/{rel}","templated":true}]}}